{"id":16,"date":"2013-10-15T08:45:39","date_gmt":"2013-10-15T08:45:39","guid":{"rendered":"http:\/\/titan.physx.u-szeged.hu\/~adoptim\/?page_id=16"},"modified":"2025-10-03T13:57:14","modified_gmt":"2025-10-03T11:57:14","slug":"members","status":"publish","type":"page","link":"https:\/\/titan.physx.u-szeged.hu\/~adoptim\/?page_id=16","title":{"rendered":"Members"},"content":{"rendered":"\n<p><b>Group leaders:<\/b><br><a title=\"Contact\" href=\"https:\/\/titan.physx.u-szeged.hu\/~adoptim\/?page_id=23\">Prof. Dr. Mikl\u00f3s Erd\u00e9lyi<\/a> <a itemprop=\"sameAs\" content=\"https:\/\/orcid.org\/0000-0002-9501-5752\" rel=\"me noopener noreferrer\" style=\"vertical-align:top;\" href=\"https:\/\/orcid.org\/0000-0002-9501-5752\" target=\"orcid.widget\"><code><img decoding=\"async\" style=\"width:1em;margin-right:.5em;\" src=\"https:\/\/orcid.org\/sites\/default\/files\/images\/orcid_16x16.png\" alt=\"ORCID iD icon\"><\/code><\/a>[<a rel=\"noreferrer noopener\" href=\"https:\/\/scholar.google.hu\/citations?user=-sYCANsAAAAJ\" data-type=\"URL\" data-id=\"https:\/\/scholar.google.hu\/citations?user=-sYCANsAAAAJ\" target=\"_blank\">Scholar<\/a>, <a href=\"https:\/\/m2.mtmt.hu\/gui2\/?type=authors&amp;mode=browse&amp;sel=10026857\">MTMT<\/a>]<br>Prof. Dr. G\u00e1bor Szab\u00f3<\/p>\n\n\n\n<p><b>Researchers:<\/b><br>Elvira Ponyeczkin\u00e9 Czvik<br>Dr. Tibor Nov\u00e1k <a itemprop=\"sameAs\" content=\"https:\/\/orcid.org\/0000-0003-0756-6851\" style=\"vertical-align:top;\" href=\"https:\/\/orcid.org\/0000-0003-0756-6851\" target=\"orcid.widget\" rel=\"me noopener noreferrer\"><img decoding=\"async\" style=\"width:1em;margin-right:.5em;\" src=\"https:\/\/orcid.org\/sites\/default\/files\/images\/orcid_16x16.png\" alt=\"ORCID iD icon\"><\/a>[<a href=\"https:\/\/m2.mtmt.hu\/gui2\/?type=authors&amp;mode=browse&amp;sel=10058546\" data-type=\"URL\" data-id=\"https:\/\/m2.mtmt.hu\/gui2\/?type=authors&amp;mode=browse&amp;sel=10058546\" target=\"_blank\" rel=\"noreferrer noopener\">MTMT<\/a>]<br>Dr. B\u00e1lint Barna H. Kov\u00e1cs <code><a href=\"https:\/\/orcid.org\/0000-0003-2486-8579\"><img decoding=\"async\" style=\"width: 15px;\" src=\"https:\/\/orcid.org\/sites\/default\/files\/images\/orcid_16x16.png\" alt=\"ORCID iD icon\"><\/a><\/code> [<a href=\"https:\/\/m2.mtmt.hu\/gui2\/?type=authors&amp;mode=browse&amp;sel=10071753\">MTMT<\/a>]<br>P\u00e9ter B\u00edr\u00f3 <code><a href=\"https:\/\/orcid.org\/0000-0001-8103-6248\"><\/a><\/code> [<a href=\"https:\/\/m2.mtmt.hu\/gui2\/?type=authors&amp;mode=browse&amp;sel=10071754\">MTMT<\/a>]<\/p>\n\n\n\n<p><b>Students:<\/b><br>Hanga Csala<br>D\u00e1vid H\u00e9ja<\/p>\n\n\n\n<p><b>Former Group Members:<\/b><br>R\u00e9ka Ormos<br>Bal\u00e1zs Sashalmi<br>Dr. Eszter Nagy <a href=\"https:\/\/orcid.org\/0000-0002-4849-0091\"><img decoding=\"async\" style=\"width:1em;margin-right:.5em;\" src=\"https:\/\/orcid.org\/sites\/default\/files\/images\/orcid_16x16.png\" alt=\"ORCID iD icon\"><\/a>[<a href=\"https:\/\/m2.mtmt.hu\/gui2\/?type=authors&amp;mode=browse&amp;sel=10073972\">MTMT<\/a>]<br>Dr. D\u00e1niel Varga <a itemprop=\"sameAs\" content=\"https:\/\/orcid.org\/0000-0003-0391-5057\" style=\"vertical-align:top;\" href=\"https:\/\/orcid.org\/0000-0003-0391-5057\" target=\"orcid.widget\" rel=\"me noopener noreferrer\"><img decoding=\"async\" style=\"width:1em;margin-right:.5em;\" src=\"https:\/\/orcid.org\/sites\/default\/files\/images\/orcid_16x16.png\" alt=\"ORCID iD icon\"><\/a>[<a href=\"https:\/\/m2.mtmt.hu\/gui2\/?type=authors&amp;mode=browse&amp;sel=10048719\" data-type=\"URL\" data-id=\"https:\/\/m2.mtmt.hu\/gui2\/?type=authors&amp;mode=browse&amp;sel=10048719\" target=\"_blank\" rel=\"noreferrer noopener\">MTMT<\/a>]<br><a href=\"http:\/\/en.gravatar.com\/gajdipajti\" target=\"_blank\" rel=\"noopener noreferrer\">Dr. Tam\u00e1s Gajdos<\/a> <a itemprop=\"sameAs\" content=\"https:\/\/orcid.org\/0000-0002-5288-4659\" style=\"vertical-align:top;\" href=\"https:\/\/orcid.org\/0000-0002-5288-4659\" target=\"orcid.widget\" rel=\"me noopener noreferrer\"><img decoding=\"async\" style=\"width:1em;margin-right:.5em;\" src=\"https:\/\/orcid.org\/sites\/default\/files\/images\/orcid_16x16.png\" alt=\"ORCID iD icon\"><\/a>[<a href=\"https:\/\/scholar.google.hu\/citations?user=cZv2xdMAAAAJ\" data-type=\"URL\" data-id=\"https:\/\/scholar.google.hu\/citations?user=cZv2xdMAAAAJ\" target=\"_blank\" rel=\"noreferrer noopener\">Scholar<\/a>, <a href=\"https:\/\/m2.mtmt.hu\/gui2\/?type=authors&amp;mode=browse&amp;sel=10055222\">MTMT<\/a>] (<a href=\"http:\/\/furukawa.co.hu\/\" target=\"_blank\" rel=\"noopener noreferrer\">Furukawa<\/a>)<br>Ildik\u00f3 F\u00e1bi\u00e1n<br>Imre Pap (<a href=\"http:\/\/www.brc.hu\/hu\/kutatas\/biofizikai-intezet\/bionanotudomany-kutatoegyseg\/bf-biofotonika-hu\" data-type=\"URL\" data-id=\"http:\/\/www.brc.hu\/hu\/kutatas\/biofizikai-intezet\/bionanotudomany-kutatoegyseg\/bf-biofotonika-hu\" target=\"_blank\" rel=\"noreferrer noopener\">HAS-BRC Cellular Biophysics Lab<\/a>)<br><a href=\"http:\/\/diploma.bibl.u-szeged.hu\/85970\/\" data-type=\"URL\" data-id=\"http:\/\/diploma.bibl.u-szeged.hu\/85970\/\" target=\"_blank\" rel=\"noreferrer noopener\">N\u00f3ra F\u00fcle-Ducsay<\/a> (<a href=\"http:\/\/www.fotoakusztika.hu\/en\">HAS-USz Photoacoustig Group<\/a>)<br>Dr. T\u00edmea T\u00edm\u00e1r-Gr\u00f3sz <a itemprop=\"sameAs\" content=\"https:\/\/orcid.org\/0000-0001-8345-1007\" style=\"vertical-align:top;\" href=\"https:\/\/orcid.org\/0000-0001-8345-1007\" target=\"orcid.widget\" rel=\"me noopener noreferrer\"><img decoding=\"async\" style=\"width:1em;margin-right:.5em;\" src=\"https:\/\/orcid.org\/sites\/default\/files\/images\/orcid_16x16.png\" alt=\"ORCID iD icon\"><\/a>[<a href=\"https:\/\/scholar.google.hu\/citations?&amp;user=CRVZfj0AAAAJ\" data-type=\"URL\" data-id=\"https:\/\/scholar.google.hu\/citations?&amp;user=CRVZfj0AAAAJ\">Scholar<\/a>] (<a href=\"https:\/\/www.eli-alps.hu\/\">ELI Alps<\/a>)<br><a href=\"http:\/\/diploma.bibl.u-szeged.hu\/73106\/\" data-type=\"URL\" data-id=\"http:\/\/diploma.bibl.u-szeged.hu\/73106\/\" target=\"_blank\" rel=\"noreferrer noopener\">Zs\u00f3fia Cserteg<\/a> [<a href=\"https:\/\/www.linkedin.com\/in\/zs%C3%B3fia-cserteg-a8231314a\/=eM59yhLiTfCLXax6Po%2Fvpw%3D%3D\" data-type=\"URL\" data-id=\"https:\/\/www.linkedin.com\/in\/zs%C3%B3fia-cserteg-a8231314a\/=eM59yhLiTfCLXax6Po%2Fvpw%3D%3D\">LinkedIn<\/a>] (<a href=\"https:\/\/www.3dhistech.com\/\" target=\"_blank\" rel=\"noreferrer noopener\">3DHISTECH Kft.<\/a>, <a href=\"https:\/\/femtonics.eu\/\" data-type=\"URL\" data-id=\"https:\/\/femtonics.eu\/\" target=\"_blank\" rel=\"noreferrer noopener\">Femtonics<\/a>, <a href=\"https:\/\/www.signify.com\/\" data-type=\"URL\" data-id=\"https:\/\/www.signify.com\/\" target=\"_blank\" rel=\"noreferrer noopener\">Signify<\/a>)<b><br><\/b><a href=\"https:\/\/titan.physx.u-szeged.hu\/~adoptim\/?page_id=309\">Dr. J\u00f3zsef Sink\u00f3<\/a> [<a href=\"https:\/\/scholar.google.hu\/citations?user=9pX7xVwAAAAJ\" data-type=\"URL\" data-id=\"https:\/\/scholar.google.hu\/citations?user=9pX7xVwAAAAJ\">Scholar<\/a>] (<a href=\"http:\/\/www.mediso.com\/\" target=\"_blank\" rel=\"noopener noreferrer\">Mediso<\/a>)<strong><br><\/strong>Dr. J\u00f3zsef N\u00e9meth [<a href=\"https:\/\/m2.mtmt.hu\/gui2\/?type=authors&amp;mode=browse&amp;sel=10036467\" data-type=\"URL\" data-id=\"https:\/\/m2.mtmt.hu\/gui2\/?type=authors&amp;mode=browse&amp;sel=10036467\" target=\"_blank\" rel=\"noreferrer noopener\">MTMT<\/a>] (<a href=\"http:\/\/ultinous.com\/\">Ultinous Ltd.<\/a>)<br>Dr. R\u00f3bert K\u00e1konyi <a itemprop=\"sameAs\" content=\"https:\/\/orcid.org\/0000-0001-5974-5590\" style=\"vertical-align:top;\" href=\"https:\/\/orcid.org\/0000-0001-5974-5590\" target=\"orcid.widget\" rel=\"me noopener noreferrer\"><img decoding=\"async\" style=\"width:1em;margin-right:.5em;\" src=\"https:\/\/orcid.org\/sites\/default\/files\/images\/orcid_16x16.png\" alt=\"ORCID iD icon\"><\/a>[<a href=\"https:\/\/scholar.google.hu\/citations?user=jYSY0l0AAAAJ\" data-type=\"URL\" data-id=\"https:\/\/scholar.google.hu\/citations?user=jYSY0l0AAAAJ\" target=\"_blank\" rel=\"noreferrer noopener\">Scholar<\/a>] (<a href=\"http:\/\/www.knorr-bremse.hu\/\">Knorr-Bremse<\/a>, <a href=\"https:\/\/www.bosch.hu\/\" data-type=\"URL\" data-id=\"https:\/\/www.bosch.hu\/\" target=\"_blank\" rel=\"noreferrer noopener\">Robert Bosch Kft.<\/a>)<br>Dr. L\u00e1szl\u00f3 Dud\u00e1s [<a href=\"https:\/\/m2.mtmt.hu\/gui2\/?type=authors&amp;mode=browse&amp;sel=authors10039372\" data-type=\"URL\" data-id=\"https:\/\/m2.mtmt.hu\/gui2\/?type=authors&amp;mode=browse&amp;sel=authors10039372\" target=\"_blank\" rel=\"noreferrer noopener\">MTMT<\/a>] (<a href=\"http:\/\/www.semilab.hu\">Semilab<\/a>, <a href=\"https:\/\/www.3dhistech.com\/\" target=\"_blank\" rel=\"noreferrer noopener\">3DHISTECH Kft.<\/a>)<br>Dr. G\u00e1bor Gajd\u00e1tsy [<a href=\"https:\/\/scholar.google.hu\/citations?user=Zq5ef4cAAAAJ\" data-type=\"URL\" data-id=\"https:\/\/scholar.google.hu\/citations?user=Zq5ef4cAAAAJ\" target=\"_blank\" rel=\"noreferrer noopener\">Scholar<\/a>] (<a href=\"http:\/\/furukawa.co.hu\/\" target=\"_blank\" rel=\"noopener noreferrer\">Furukawa<\/a>, <a href=\"https:\/\/craftbot.com\/\" data-type=\"URL\" data-id=\"https:\/\/craftbot.com\/\" target=\"_blank\" rel=\"noreferrer noopener\">CraftBot Ltd<\/a>.)<br>Benedek J\u00e1nos Kis (<a href=\"http:\/\/www.mediso.com\/\" target=\"_blank\" rel=\"noopener noreferrer\">Mediso<\/a>)<br>Mikl\u00f3s Lajk\u00f3 (<a href=\"http:\/\/en.nextent.hu\/\" target=\"_blank\" rel=\"noopener noreferrer\">Nextent<\/a>)<br>R\u00f3bert Danyi (<a href=\"http:\/\/www.epam.com\/company.html\" target=\"_blank\" rel=\"noopener noreferrer\">Epam Systems Kft.<\/a>)<\/p>\n\n\n\n<figure class=\"wp-block-image size-large\"><img loading=\"lazy\" decoding=\"async\" width=\"2560\" height=\"1920\" data-attachment-id=\"1406\" data-permalink=\"https:\/\/titan.physx.u-szeged.hu\/~adoptim\/?attachment_id=1406\" data-orig-file=\"https:\/\/titan.physx.u-szeged.hu\/~adoptim\/wp-content\/uploads\/2019\/11\/DSCF1131-scaled.jpg\" data-orig-size=\"2560,1920\" data-comments-opened=\"1\" data-image-meta=\"{&quot;aperture&quot;:&quot;3.4&quot;,&quot;credit&quot;:&quot;&quot;,&quot;camera&quot;:&quot;FinePix S6500fd&quot;,&quot;caption&quot;:&quot;&quot;,&quot;created_timestamp&quot;:&quot;1574780128&quot;,&quot;copyright&quot;:&quot;&quot;,&quot;focal_length&quot;:&quot;10.8&quot;,&quot;iso&quot;:&quot;400&quot;,&quot;shutter_speed&quot;:&quot;0.016666666666667&quot;,&quot;title&quot;:&quot;&quot;,&quot;orientation&quot;:&quot;1&quot;}\" data-image-title=\"DSCF1131\" data-image-description=\"\" data-image-caption=\"\" data-large-file=\"https:\/\/titan.physx.u-szeged.hu\/~adoptim\/wp-content\/uploads\/2019\/11\/DSCF1131-1024x768.jpg\" src=\"https:\/\/i2.wp.com\/titan.physx.u-szeged.hu\/~adoptim\/wp-content\/uploads\/2019\/11\/DSCF1131-scaled.jpg?fit=530%2C398\" alt=\"\" class=\"wp-image-1406\" srcset=\"https:\/\/titan.physx.u-szeged.hu\/~adoptim\/wp-content\/uploads\/2019\/11\/DSCF1131-scaled.jpg 2560w, https:\/\/titan.physx.u-szeged.hu\/~adoptim\/wp-content\/uploads\/2019\/11\/DSCF1131-300x225.jpg 300w, https:\/\/titan.physx.u-szeged.hu\/~adoptim\/wp-content\/uploads\/2019\/11\/DSCF1131-1024x768.jpg 1024w, https:\/\/titan.physx.u-szeged.hu\/~adoptim\/wp-content\/uploads\/2019\/11\/DSCF1131-768x576.jpg 768w, https:\/\/titan.physx.u-szeged.hu\/~adoptim\/wp-content\/uploads\/2019\/11\/DSCF1131-1536x1152.jpg 1536w, https:\/\/titan.physx.u-szeged.hu\/~adoptim\/wp-content\/uploads\/2019\/11\/DSCF1131-2048x1536.jpg 2048w\" sizes=\"auto, (max-width: 2560px) 100vw, 2560px\" \/><\/figure>\n","protected":false},"excerpt":{"rendered":"<p>Group leaders:Prof. Dr. Mikl\u00f3s Erd\u00e9lyi [Scholar, MTMT]Prof. Dr. G\u00e1bor Szab\u00f3 Researchers:Elvira Ponyeczkin\u00e9 CzvikDr. Tibor Nov\u00e1k [MTMT]Dr. B\u00e1lint Barna H. Kov\u00e1cs [MTMT]P\u00e9ter B\u00edr\u00f3 [MTMT] Students:Hanga CsalaD\u00e1vid H\u00e9ja Former Group Members:R\u00e9ka OrmosBal\u00e1zs<\/p>\n","protected":false},"author":1,"featured_media":0,"parent":0,"menu_order":0,"comment_status":"closed","ping_status":"open","template":"","meta":{"jetpack_post_was_ever_published":false,"footnotes":""},"class_list":["post-16","page","type-page","status-publish","hentry"],"jetpack_sharing_enabled":true,"_links":{"self":[{"href":"https:\/\/titan.physx.u-szeged.hu\/~adoptim\/index.php?rest_route=\/wp\/v2\/pages\/16","targetHints":{"allow":["GET"]}}],"collection":[{"href":"https:\/\/titan.physx.u-szeged.hu\/~adoptim\/index.php?rest_route=\/wp\/v2\/pages"}],"about":[{"href":"https:\/\/titan.physx.u-szeged.hu\/~adoptim\/index.php?rest_route=\/wp\/v2\/types\/page"}],"author":[{"embeddable":true,"href":"https:\/\/titan.physx.u-szeged.hu\/~adoptim\/index.php?rest_route=\/wp\/v2\/users\/1"}],"replies":[{"embeddable":true,"href":"https:\/\/titan.physx.u-szeged.hu\/~adoptim\/index.php?rest_route=%2Fwp%2Fv2%2Fcomments&post=16"}],"version-history":[{"count":66,"href":"https:\/\/titan.physx.u-szeged.hu\/~adoptim\/index.php?rest_route=\/wp\/v2\/pages\/16\/revisions"}],"predecessor-version":[{"id":1937,"href":"https:\/\/titan.physx.u-szeged.hu\/~adoptim\/index.php?rest_route=\/wp\/v2\/pages\/16\/revisions\/1937"}],"wp:attachment":[{"href":"https:\/\/titan.physx.u-szeged.hu\/~adoptim\/index.php?rest_route=%2Fwp%2Fv2%2Fmedia&parent=16"}],"curies":[{"name":"wp","href":"https:\/\/api.w.org\/{rel}","templated":true}]}}