{"id":309,"date":"2014-05-19T11:13:26","date_gmt":"2014-05-19T09:13:26","guid":{"rendered":"http:\/\/titan.physx.u-szeged.hu\/~adoptim\/?page_id=309"},"modified":"2015-06-26T15:53:25","modified_gmt":"2015-06-26T13:53:25","slug":"jozsef-sinko","status":"publish","type":"page","link":"https:\/\/titan.physx.u-szeged.hu\/~adoptim\/?page_id=309","title":{"rendered":"J\u00f3zsef Sink\u00f3"},"content":{"rendered":"<p><strong>Experience:<\/strong><\/p>\n<ul>\n<li>2014-: Associate Research Fellow, University of Szeged, <span class=\"st\">Department of Optics and Quantumelectronics, Hungary<\/span><\/li>\n<\/ul>\n<p><strong>Education:<\/strong><\/p>\n<ul>\n<li>2011- 2014: PhD student, University of Szeged, Hungary (supervisor: Dr. Mikl\u00f3s Erd\u00e9lyi, Dr. G\u00e1bor Szab\u00f3)<\/li>\n<li>2009-2011 : M. Sc. in Physics, University of Szeged, Faculty of Science and Informatics, Hungary<\/li>\n<li>2006- 2009: B. Sc. in Physics, University of Szeged, Faculty of Science and Informatics, Hungary<\/li>\n<\/ul>\n<p><strong>Research field:<\/strong><\/p>\n<ul>\n<li>Manipulating the intensity distribution in focal plane by means of birefringent materials<\/li>\n<li>Developing line-scanning tomographic optical microscope (LSTOM)<\/li>\n<li>Localization based super-resolution microscopy<\/li>\n<\/ul>\n<p><strong>Other<\/strong><\/p>\n<ul>\n<li>Visiting student: 13<sup>th<\/sup> November 2011.- 10<sup>th<\/sup> December 2011.: visiting student, University of Cambridge, Department of Chemical Engineering and Biotechnology, Laser Analytics Group (Group Leader: Prof. Clemens Kaminski)<\/li>\n<li>Visiting student: 15<sup>th<\/sup> June 2013.- 6<sup>th<\/sup> July 2013.: visiting student, University of Cambridge, Department of Chemical Engineering and Biotechnology, Laser Analytics Group (Group Leader: Prof. Clemens Kaminski)<\/li>\n<\/ul>\n<p><strong>Skills:<\/strong><\/p>\n<p>Optics, Matlab, OSLO, Experimentation, Optical System Design, Simulations,\u00a0 Super-resolution Microscopy, Confocal Microscopy, Scientific Computing, Measurement System Design<\/p>\n<p>&nbsp;<\/p>\n<p><strong>Teaching activities:<\/strong><\/p>\n<ul>\n<li>Basic Physics in Engineering Information Technology (practice), Basic Physics in Biomedical Engineering (practice)<\/li>\n<\/ul>\n<p><strong>Honors and Awards:<\/strong><\/p>\n<ul>\n<li>Scientific Competition for Undergraduate Students, 2008., I. prize<\/li>\n<li>XXIX. National Conference of Scientific Students&#8217; Associations (OTDK)<\/li>\n<li>2010\/2011: Fellowship granted by the Republic<\/li>\n<li>2013: Ap\u00e1czai Csere J\u00e1nos Scholarship for PhD students, National Excellence Program<\/li>\n<li>2013: FERRO\u00c9P \u2013 Pro Talentis Award (SZTE TalentPoint)<\/li>\n<li>2014: List of Excellence, Bronze Degree (SZTE TalentPoint)<\/li>\n<li>2015: National Excellence Award (National Excellence Program)<\/li>\n<\/ul>\n<p><strong>Language:<\/strong><\/p>\n<ul>\n<li>English (B2)<\/li>\n<li>German (B2)<\/li>\n<\/ul>\n<p><strong><a href=\"http:\/\/scholar.google.hu\/citations?sortby=pubdate&amp;hl=hu&amp;user=9pX7xVwAAAAJ&amp;view_op=list_works\">Publications<\/a><\/strong> <strong>&amp; <a href=\"http:\/\/doktori.bibl.u-szeged.hu\/id\/eprint\/2467\" target=\"_blank\">Dissertation<\/a><\/strong><\/p>\n<p><strong>Contact:<\/strong><\/p>\n<ul>\n<li>E-mail: jsinko@titan.physx.u-szeged.hu<\/li>\n<li>Address: University of Szeged<br \/>\nDepartment of Optics and Quantum Electronics<br \/>\nH-6720,<br \/>\nSzeged, Dom ter 9<br \/>\nHUNGARY<\/li>\n<\/ul>\n","protected":false},"excerpt":{"rendered":"<p>Experience: 2014-: Associate Research Fellow, University of Szeged, Department of Optics and Quantumelectronics, Hungary Education: 2011- 2014: PhD student, University of Szeged, Hungary (supervisor: Dr. Mikl\u00f3s Erd\u00e9lyi, Dr. G\u00e1bor Szab\u00f3)<\/p>\n","protected":false},"author":1,"featured_media":0,"parent":16,"menu_order":0,"comment_status":"closed","ping_status":"closed","template":"","meta":{"jetpack_post_was_ever_published":false,"footnotes":""},"class_list":["post-309","page","type-page","status-publish","hentry"],"jetpack_sharing_enabled":false,"_links":{"self":[{"href":"https:\/\/titan.physx.u-szeged.hu\/~adoptim\/index.php?rest_route=\/wp\/v2\/pages\/309","targetHints":{"allow":["GET"]}}],"collection":[{"href":"https:\/\/titan.physx.u-szeged.hu\/~adoptim\/index.php?rest_route=\/wp\/v2\/pages"}],"about":[{"href":"https:\/\/titan.physx.u-szeged.hu\/~adoptim\/index.php?rest_route=\/wp\/v2\/types\/page"}],"author":[{"embeddable":true,"href":"https:\/\/titan.physx.u-szeged.hu\/~adoptim\/index.php?rest_route=\/wp\/v2\/users\/1"}],"replies":[{"embeddable":true,"href":"https:\/\/titan.physx.u-szeged.hu\/~adoptim\/index.php?rest_route=%2Fwp%2Fv2%2Fcomments&post=309"}],"version-history":[{"count":10,"href":"https:\/\/titan.physx.u-szeged.hu\/~adoptim\/index.php?rest_route=\/wp\/v2\/pages\/309\/revisions"}],"predecessor-version":[{"id":625,"href":"https:\/\/titan.physx.u-szeged.hu\/~adoptim\/index.php?rest_route=\/wp\/v2\/pages\/309\/revisions\/625"}],"up":[{"embeddable":true,"href":"https:\/\/titan.physx.u-szeged.hu\/~adoptim\/index.php?rest_route=\/wp\/v2\/pages\/16"}],"wp:attachment":[{"href":"https:\/\/titan.physx.u-szeged.hu\/~adoptim\/index.php?rest_route=%2Fwp%2Fv2%2Fmedia&parent=309"}],"curies":[{"name":"wp","href":"https:\/\/api.w.org\/{rel}","templated":true}]}}